{"id":298,"date":"2025-11-18T01:36:53","date_gmt":"2025-11-18T01:36:53","guid":{"rendered":"https:\/\/rock-crusher-tractor.com\/?page_id=298"},"modified":"2025-11-18T02:51:13","modified_gmt":"2025-11-18T02:51:13","slug":"about-watanabe","status":"publish","type":"page","link":"https:\/\/rock-crusher-tractor.com\/pt\/about-watanabe\/","title":{"rendered":"Sobre Watanabe"},"content":{"rendered":"<p>[et_pb_section fb_built=&#8221;1&#8243; admin_label=&#8221;Header&#8221; _builder_version=&#8221;4.20.4&#8243; _module_preset=&#8221;default&#8221; background_color=&#8221;#F6F3EF&#8221; background_enable_image=&#8221;off&#8221; background_size=&#8221;custom&#8221; background_image_height=&#8221;6vw&#8221; background_position=&#8221;top_center&#8221; custom_padding=&#8221;7vw||||false|false&#8221; collapsed=&#8221;on&#8221; global_colors_info=&#8221;{}&#8221;][et_pb_row _builder_version=&#8221;4.17.4&#8243; _module_preset=&#8221;default&#8221; max_width=&#8221;900px&#8221; global_colors_info=&#8221;{}&#8221;][et_pb_column type=&#8221;4_4&#8243; _builder_version=&#8221;4.17.4&#8243; _module_preset=&#8221;default&#8221; global_colors_info=&#8221;{}&#8221;][et_pb_text _builder_version=&#8221;4.20.4&#8243; _module_preset=&#8221;c16985e1-e0d6-4022-964d-e2bfc04fa633&#8243; header_font=&#8221;Jost|600|||||||&#8221; header_text_color=&#8221;#E06100&#8243; header_font_size=&#8221;75px&#8221; header_line_height=&#8221;1.2em&#8221; text_orientation=&#8221;center&#8221; header_font_size_tablet=&#8221;40px&#8221; header_font_size_phone=&#8221;24px&#8221; header_font_size_last_edited=&#8221;on|desktop&#8221; header_text_shadow_style=&#8221;preset4&#8243; global_colors_info=&#8221;{}&#8221;]<\/p>\n<h1 dir=\"auto\">Sobre Watanabe<\/h1>\n<p>[\/et_pb_text][et_pb_image src=&#8221;https:\/\/rock-crusher-tractor.com\/wp-content\/uploads\/2025\/11\/about-watababe.webp&#8221; alt=&#8221;about-watababe&#8221; title_text=&#8221;about-watababe&#8221; align=&#8221;center&#8221; _builder_version=&#8221;4.20.4&#8243; _module_preset=&#8221;default&#8221; width=&#8221;80px&#8221; border_radii=&#8221;on|100px|100px|100px|100px&#8221; global_colors_info=&#8221;{}&#8221;][\/et_pb_image][et_pb_text _builder_version=&#8221;4.20.4&#8243; _module_preset=&#8221;1f09816e-184e-4ce5-a4cf-b39c52c423ca&#8221; text_font=&#8221;Open Sans||||||||&#8221; text_text_color=&#8221;#666666&#8243; text_font_size=&#8221;16px&#8221; text_line_height=&#8221;1.8em&#8221; text_orientation=&#8221;center&#8221; text_font_size_tablet=&#8221;15px&#8221; text_font_size_phone=&#8221;14px&#8221; text_font_size_last_edited=&#8221;on|phone&#8221; header_font_size_tablet=&#8221;55px&#8221; header_font_size_last_edited=&#8221;off|desktop&#8221; global_colors_info=&#8221;{}&#8221;]<\/p>\n<p>Por mais de cinco d\u00e9cadas, a hist\u00f3ria da Watanabe tem sido guiada por um profundo respeito pela terra, um amor genu\u00edno pela vida rural e um compromisso inabal\u00e1vel com o avan\u00e7o da produ\u00e7\u00e3o agr\u00edcola. Hoje, como representante exclusivo de marcas mundialmente reconhecidas em implementos agr\u00edcolas, estamos na vanguarda do desenvolvimento e fabrica\u00e7\u00e3o de implementos de alto desempenho para tratores, escavadeiras e ve\u00edculos especiais, destinados \u00e0s \u00e1reas de silvicultura, agricultura, constru\u00e7\u00e3o de estradas e opera\u00e7\u00f5es humanit\u00e1rias de desminagem.<\/p>\n<p>[\/et_pb_text][\/et_pb_column][\/et_pb_row][\/et_pb_section][et_pb_section fb_built=&#8221;1&#8243; admin_label=&#8221;Mission&#8221; _builder_version=&#8221;4.17.4&#8243; _module_preset=&#8221;default&#8221; background_color=&#8221;#F6F3EF&#8221; collapsed=&#8221;on&#8221; global_colors_info=&#8221;{}&#8221; custom_padding=&#8221;8px|||||&#8221;][et_pb_row column_structure=&#8221;1_2,1_2&#8243; use_custom_gutter=&#8221;on&#8221; gutter_width=&#8221;2&#8243; make_equal=&#8221;on&#8221; _builder_version=&#8221;4.17.4&#8243; _module_preset=&#8221;default&#8221; custom_padding=&#8221;0px||0px||false|false&#8221; global_colors_info=&#8221;{}&#8221;][et_pb_column type=&#8221;1_2&#8243; _builder_version=&#8221;4.17.4&#8243; _module_preset=&#8221;default&#8221; global_colors_info=&#8221;{}&#8221;][et_pb_image src=&#8221;https:\/\/rock-crusher-tractor.com\/wp-content\/uploads\/2025\/11\/watanabe-factory.webp&#8221; alt=&#8221;watanabe-factory&#8221; title_text=&#8221;watanabe-factory&#8221; _builder_version=&#8221;4.20.4&#8243; _module_preset=&#8221;default&#8221; custom_margin=&#8221;|||-20vw|false|false&#8221; global_colors_info=&#8221;{}&#8221;][\/et_pb_image][\/et_pb_column][et_pb_column type=&#8221;1_2&#8243; _builder_version=&#8221;4.17.4&#8243; _module_preset=&#8221;default&#8221; custom_padding=&#8221;5%||5%||true|false&#8221; global_colors_info=&#8221;{}&#8221;][et_pb_text _builder_version=&#8221;4.20.4&#8243; _module_preset=&#8221;b327cbe4-b1d5-4b66-ad37-40c8f2f061ba&#8221; header_2_font=&#8221;Jost|600|||||||&#8221; header_2_text_color=&#8221;#000000&#8243; header_2_font_size=&#8221;48px&#8221; header_2_line_height=&#8221;1.2em&#8221; header_2_font_size_tablet=&#8221;32px&#8221; header_2_font_size_phone=&#8221;20px&#8221; header_2_font_size_last_edited=&#8221;on|desktop&#8221; header_2_text_shadow_style=&#8221;preset4&#8243; global_colors_info=&#8221;{}&#8221;]<\/p>\n<h2>Nossa Miss\u00e3o e Valores<\/h2>\n<p>[\/et_pb_text][et_pb_text _builder_version=&#8221;4.20.4&#8243; _module_preset=&#8221;1f09816e-184e-4ce5-a4cf-b39c52c423ca&#8221; text_font=&#8221;Open Sans||||||||&#8221; text_text_color=&#8221;#666666&#8243; text_font_size=&#8221;16px&#8221; text_line_height=&#8221;1.8em&#8221; text_font_size_tablet=&#8221;15px&#8221; text_font_size_phone=&#8221;14px&#8221; text_font_size_last_edited=&#8221;on|phone&#8221; header_font_size_tablet=&#8221;55px&#8221; header_font_size_last_edited=&#8221;off|desktop&#8221; global_colors_info=&#8221;{}&#8221;]<\/p>\n<p>Fornecemos implementos de alto desempenho para tratores que combinam durabilidade, efici\u00eancia e engenharia de precis\u00e3o. Especializados em britadores de rocha, britadores de pedra e estabilizadores de solo, capacitamos agricultores, empreiteiros e gestores de terras a limpar terrenos rochosos, construir estradas est\u00e1veis \u200b\u200be preparar o solo de forma econ\u00f4mica \u2014 tudo em uma \u00fanica opera\u00e7\u00e3o.<br \/>Guiadas pelo respeito \u00e0 terra, pelo compromisso com a sustentabilidade e pela qualidade inabal\u00e1vel, todas as m\u00e1quinas Watanabe s\u00e3o constru\u00eddas para superar, durar mais e resistir por muito tempo \u2014 garantindo o sucesso a longo prazo de nossos clientes nos setores agr\u00edcola, florestal e de constru\u00e7\u00e3o em todo o mundo.<br \/>Excel\u00eancia em Manufatura Global<\/p>\n<p>[\/et_pb_text][et_pb_image src=&#8221;https:\/\/rock-crusher-tractor.com\/wp-content\/uploads\/2025\/11\/agricultural-machinery-2.webp&#8221; alt=&#8221;agricultural-machinery-2&#8243; title_text=&#8221;agricultural-machinery-2&#8243; show_bottom_space=&#8221;off&#8221; _builder_version=&#8221;4.20.4&#8243; _module_preset=&#8221;default&#8221; width=&#8221;50%&#8221; global_colors_info=&#8221;{}&#8221;][\/et_pb_image][et_pb_image src=&#8221;https:\/\/rock-crusher-tractor.com\/wp-content\/uploads\/2025\/11\/agricultural-machinery-1.webp&#8221; alt=&#8221;agricultural-machinery-1&#8243; title_text=&#8221;agricultural-machinery-1&#8243; show_bottom_space=&#8221;off&#8221; _builder_version=&#8221;4.20.4&#8243; _module_preset=&#8221;default&#8221; positioning=&#8221;absolute&#8221; position_origin_a=&#8221;bottom_right&#8221; width=&#8221;45%&#8221; global_colors_info=&#8221;{}&#8221;][\/et_pb_image][\/et_pb_column][\/et_pb_row][\/et_pb_section][et_pb_section fb_built=&#8221;1&#8243; admin_label=&#8221;About&#8221; _builder_version=&#8221;4.17.4&#8243; _module_preset=&#8221;default&#8221; background_color=&#8221;#F6F3EF&#8221; collapsed=&#8221;on&#8221; global_colors_info=&#8221;{}&#8221;][et_pb_row column_structure=&#8221;1_2,1_2&#8243; _builder_version=&#8221;4.17.4&#8243; _module_preset=&#8221;default&#8221; global_colors_info=&#8221;{}&#8221;][et_pb_column type=&#8221;1_2&#8243; _builder_version=&#8221;4.17.4&#8243; _module_preset=&#8221;default&#8221; custom_padding=&#8221;|40px|40px|40px|false|true&#8221; custom_padding_tablet=&#8221;|30px|30px|30px|false|true&#8221; custom_padding_phone=&#8221;|20px|20px|20px|false|true&#8221; custom_padding_last_edited=&#8221;on|phone&#8221; border_width_all=&#8221;4px&#8221; border_color_all=&#8221;#0A0A0A&#8221; global_colors_info=&#8221;{}&#8221;][et_pb_text _builder_version=&#8221;4.20.4&#8243; _module_preset=&#8221;e6504a1b-67eb-4b3d-b023-bcab277610b6&#8243; header_4_font=&#8221;Inter|700||on|||||&#8221; header_4_text_color=&#8221;#FF5500&#8243; header_4_font_size=&#8221;14px&#8221; header_4_letter_spacing=&#8221;0.3em&#8221; header_4_line_height=&#8221;1.4em&#8221; background_color=&#8221;#F6F3EF&#8221; text_orientation=&#8221;center&#8221; width=&#8221;50%&#8221; module_alignment=&#8221;center&#8221; custom_margin=&#8221;-10px||30px||false|false&#8221; custom_margin_tablet=&#8221;-10px||30px||false|false&#8221; custom_margin_phone=&#8221;||20px||false|false&#8221; custom_margin_last_edited=&#8221;on|phone&#8221; custom_padding=&#8221;|3%||3%|false|true&#8221; hover_enabled=&#8221;0&#8243; global_colors_info=&#8221;{}&#8221; header_2_font=&#8221;Jost|700|||||||&#8221; header_2_text_color=&#8221;#E06100&#8243; header_2_font_size=&#8221;30px&#8221; header_2_text_shadow_style=&#8221;preset2&#8243; header_2_text_shadow_horizontal_length=&#8221;0.02em&#8221; sticky_enabled=&#8221;0&#8243;]<\/p>\n<h2>Certifica\u00e7\u00f5es<\/h2>\n<p>[\/et_pb_text][et_pb_text _builder_version=&#8221;4.20.4&#8243; _module_preset=&#8221;1f09816e-184e-4ce5-a4cf-b39c52c423ca&#8221; text_font=&#8221;Open Sans||||||||&#8221; text_text_color=&#8221;#666666&#8243; text_font_size=&#8221;16px&#8221; text_line_height=&#8221;1.8em&#8221; text_orientation=&#8221;center&#8221; hover_enabled=&#8221;0&#8243; text_font_size_tablet=&#8221;15px&#8221; text_font_size_phone=&#8221;14px&#8221; text_font_size_last_edited=&#8221;on|phone&#8221; header_font_size_tablet=&#8221;55px&#8221; header_font_size_last_edited=&#8221;off|desktop&#8221; global_colors_info=&#8221;{}&#8221; sticky_enabled=&#8221;0&#8243;]<\/p>\n<p style=\"text-align: left;\">Todos os produtos atendem aos mais altos padr\u00f5es internacionais de seguran\u00e7a e qualidade:<\/p>\n<ul>\n<li style=\"text-align: left;\"><strong>Certifica\u00e7\u00e3o CE (Diretiva de M\u00e1quinas 2006\/42\/CE)<\/strong><\/li>\n<li style=\"text-align: left;\"><strong>Sistema de Gest\u00e3o da Qualidade ISO 9001:2015<\/strong><\/li>\n<li style=\"text-align: left;\"><strong>Sistema de Gest\u00e3o Ambiental ISO 14001:2015<\/strong><\/li>\n<li style=\"text-align: left;\"><strong>GB\/T 19001-2016 (Norma Nacional da China)<\/strong><\/li>\n<li style=\"text-align: left;\"><strong>Fabricante certificado pela SGS desde 2019.<\/strong><\/li>\n<li style=\"text-align: left;\"><strong>Certifica\u00e7\u00e3o EAC (Conformidade Eurasi\u00e1tica)<\/strong><\/li>\n<\/ul>\n<p style=\"text-align: left;\">Cada britador de rochas e estabilizador de solo Watanabe \u00e9 fabricado em instala\u00e7\u00f5es que passaram pelas mais rigorosas auditorias de terceiros, utilizando apenas a\u00e7o resistente ao desgaste SSAB Hardox\u00ae genu\u00edno e componentes hidr\u00e1ulicos de marcas europeias. Esta \u00e9 a nossa garantia de que a m\u00e1quina que voc\u00ea receber hoje ainda estar\u00e1 trabalhando de forma rent\u00e1vel em sua propriedade daqui a 10 a 15 anos.<\/p>\n<p>[\/et_pb_text][\/et_pb_column][et_pb_column type=&#8221;1_2&#8243; _builder_version=&#8221;4.17.4&#8243; _module_preset=&#8221;default&#8221; global_colors_info=&#8221;{}&#8221;][et_pb_image src=&#8221;https:\/\/rock-crusher-tractor.com\/wp-content\/uploads\/2025\/11\/about-watababe-Certifications.webp&#8221; title_text=&#8221;about-watababe-Certifications&#8221; _builder_version=&#8221;4.20.4&#8243; _module_preset=&#8221;default&#8221; hover_enabled=&#8221;0&#8243; global_colors_info=&#8221;{}&#8221; alt=&#8221;about-watababe-Certifications&#8221; sticky_enabled=&#8221;0&#8243;][\/et_pb_image][\/et_pb_column][\/et_pb_row][\/et_pb_section][et_pb_section fb_built=&#8221;1&#8243; admin_label=&#8221;Testimonial&#8221; _builder_version=&#8221;4.17.4&#8243; _module_preset=&#8221;default&#8221; background_color=&#8221;#F6F3EF&#8221; locked=&#8221;off&#8221; collapsed=&#8221;on&#8221; global_colors_info=&#8221;{}&#8221;][et_pb_row custom_padding_last_edited=&#8221;off|desktop&#8221; _builder_version=&#8221;4.17.4&#8243; _module_preset=&#8221;default&#8221; custom_padding=&#8221;0px||0px||true|false&#8221; custom_padding_tablet=&#8221;|30px|10%|30px|false|true&#8221; custom_padding_phone=&#8221;|20px|10%|20px|false|true&#8221; border_width_all=&#8221;4px&#8221; border_color_all=&#8221;#FF5500&#8243; global_colors_info=&#8221;{}&#8221;][et_pb_column type=&#8221;4_4&#8243; _builder_version=&#8221;4.17.4&#8243; _module_preset=&#8221;default&#8221; custom_padding=&#8221;10%|10%|10%|10%|true|true&#8221; global_colors_info=&#8221;{}&#8221;][et_pb_text _builder_version=&#8221;4.20.4&#8243; _module_preset=&#8221;aaa7c440-590a-4078-ae0c-0f3c699ac51c&#8221; text_font=&#8221;Jost|700|||||||&#8221; text_text_color=&#8221;#E06100&#8243; text_font_size=&#8221;50px&#8221; header_font=&#8221;||||||||&#8221; header_3_font=&#8221;Jost|500|||||||&#8221; header_3_text_color=&#8221;#000000&#8243; header_3_font_size=&#8221;25px&#8221; header_3_line_height=&#8221;1.4em&#8221; background_color=&#8221;#F6F3EF&#8221; transform_translate_linked=&#8221;off&#8221; positioning=&#8221;absolute&#8221; position_origin_a=&#8221;top_center&#8221; vertical_offset=&#8221;-18px&#8221; text_orientation=&#8221;center&#8221; custom_margin=&#8221;||||false|false&#8221; custom_padding=&#8221;|3%||3%|false|true&#8221; header_3_font_size_tablet=&#8221;&#8221; header_3_font_size_phone=&#8221;20px&#8221; header_3_font_size_last_edited=&#8221;on|phone&#8221; text_text_shadow_style=&#8221;preset2&#8243; global_colors_info=&#8221;{}&#8221;]<\/p>\n<p>RAZ\u00c3O<\/p>\n<p>[\/et_pb_text][et_pb_text _builder_version=&#8221;4.20.4&#8243; _module_preset=&#8221;b327cbe4-b1d5-4b66-ad37-40c8f2f061ba&#8221; header_2_font=&#8221;Jost|600|||||||&#8221; header_2_text_color=&#8221;#000000&#8243; header_2_font_size=&#8221;48px&#8221; header_2_line_height=&#8221;1.2em&#8221; text_orientation=&#8221;center&#8221; max_width_tablet=&#8221;650px&#8221; max_width_phone=&#8221;650px&#8221; max_width_last_edited=&#8221;off|desktop&#8221; module_alignment=&#8221;center&#8221; header_2_font_size_tablet=&#8221;32px&#8221; header_2_font_size_phone=&#8221;20px&#8221; header_2_font_size_last_edited=&#8221;on|desktop&#8221; header_2_text_shadow_style=&#8221;preset4&#8243; global_colors_info=&#8221;{}&#8221;]<\/p>\n<h2>\u201cPor que os profissionais confiam em Watanabe\u201d<\/h2>\n<p>[\/et_pb_text][et_pb_text _builder_version=&#8221;4.20.4&#8243; _module_preset=&#8221;aaa7c440-590a-4078-ae0c-0f3c699ac51c&#8221; header_font=&#8221;||||||||&#8221; header_3_font=&#8221;Jost|500|||||||&#8221; header_3_text_color=&#8221;#000000&#8243; header_3_font_size=&#8221;25px&#8221; header_3_line_height=&#8221;1.4em&#8221; text_orientation=&#8221;center&#8221; width=&#8221;700px&#8221; width_tablet=&#8221;100%&#8221; width_phone=&#8221;100%&#8221; width_last_edited=&#8221;on|tablet&#8221; module_alignment=&#8221;center&#8221; custom_margin=&#8221;||0px||false|false&#8221; header_3_font_size_tablet=&#8221;&#8221; header_3_font_size_phone=&#8221;20px&#8221; header_3_font_size_last_edited=&#8221;on|phone&#8221; global_colors_info=&#8221;{}&#8221;]<\/p>\n<p>Empreiteiros e agricultores escolhem a Watanabe porque nossas m\u00e1quinas s\u00e3o projetadas para atender \u00e0s demandas do mundo real: britagem de rochas de at\u00e9 40 cm, estabiliza\u00e7\u00e3o do solo com melhoria do CBR de 300 a 500% e fornecimento de anos de servi\u00e7o confi\u00e1vel com manuten\u00e7\u00e3o m\u00ednima.<br \/>Dos campos do Brasil \u00e0s regi\u00f5es montanhosas da Coreia e al\u00e9m, a Watanabe mant\u00e9m o compromisso com a inova\u00e7\u00e3o que respeita a terra e serve aqueles que a trabalham.<\/p>\n<p>[\/et_pb_text][\/et_pb_column][\/et_pb_row][\/et_pb_section][et_pb_section fb_built=&#8221;1&#8243; admin_label=&#8221;Call to Action&#8221; _builder_version=&#8221;4.20.4&#8243; _module_preset=&#8221;default&#8221; use_background_color_gradient=&#8221;on&#8221; background_color_gradient_stops=&#8221;rgba(10,0,0,0) 0%|rgba(38,16,4,0.95) 100%&#8221; background_color_gradient_overlays_image=&#8221;on&#8221; background_image=&#8221;https:\/\/rock-crusher-tractor.com\/wp-content\/uploads\/2025\/11\/about-watababe-bgm.webp&#8221; custom_padding=&#8221;6vw||6vw||true|false&#8221; locked=&#8221;off&#8221; collapsed=&#8221;on&#8221; global_colors_info=&#8221;{}&#8221;][et_pb_row _builder_version=&#8221;4.20.4&#8243; _module_preset=&#8221;default&#8221; max_width=&#8221;800px&#8221; custom_margin=&#8221;|||10px|false|false&#8221; global_colors_info=&#8221;{}&#8221;][et_pb_column type=&#8221;4_4&#8243; _builder_version=&#8221;4.17.4&#8243; _module_preset=&#8221;default&#8221; global_colors_info=&#8221;{}&#8221;][et_pb_text _builder_version=&#8221;4.20.4&#8243; _module_preset=&#8221;ffe14536-d7e1-4378-896b-66e09e432719&#8243; header_text_color=&#8221;#FFFFFF&#8221; header_2_font=&#8221;Jost|600|||||||&#8221; header_2_text_color=&#8221;#E06100&#8243; header_2_font_size=&#8221;75px&#8221; header_2_line_height=&#8221;1.2em&#8221; text_orientation=&#8221;center&#8221; module_alignment=&#8221;center&#8221; header_2_font_size_tablet=&#8221;40px&#8221; header_2_font_size_phone=&#8221;24px&#8221; header_2_font_size_last_edited=&#8221;on|phone&#8221; global_colors_info=&#8221;{}&#8221;]<\/p>\n<h2>Entre em contato conosco hoje mesmo e experimente a diferen\u00e7a que mais de 50 anos de experi\u00eancia fazem.<\/h2>\n<p>[\/et_pb_text][et_pb_button button_url=&#8221;#contact&#8221; button_text=&#8221;Inquire Now&#8221; button_alignment=&#8221;center&#8221; _builder_version=&#8221;4.20.4&#8243; _module_preset=&#8221;f489fdc3-bf1e-40c7-852b-c42851d4acb9&#8243; custom_button=&#8221;on&#8221; button_text_size=&#8221;14px&#8221; button_text_color=&#8221;#000000&#8243; button_bg_color=&#8221;#FFFFFF&#8221; button_border_color=&#8221;#FFFFFF&#8221; button_border_radius=&#8221;0px&#8221; button_font=&#8221;Inter|700||on|||||&#8221; custom_padding=&#8221;16px|24px|16px|24px|true|true&#8221; global_colors_info=&#8221;{}&#8221;][\/et_pb_button][\/et_pb_column][\/et_pb_row][\/et_pb_section]<\/p>","protected":false},"excerpt":{"rendered":"<p>About WatanabeFor over five decades, Watanabe&#8217;s story has been guided by profound respect for the land, a genuine love for rural life, and an unwavering commitment to advancing agricultural production. Today, as the exclusive representative of globally recognized brands in agricultural implements. We have been at the forefront of designing and manufacturing high-performance, tractor-, excavator-, [&hellip;]<\/p>","protected":false},"author":1,"featured_media":0,"parent":0,"menu_order":0,"comment_status":"closed","ping_status":"closed","template":"","meta":{"_et_pb_use_builder":"on","_et_pb_old_content":"","_et_gb_content_width":"","footnotes":""},"class_list":["post-298","page","type-page","status-publish","hentry"],"_links":{"self":[{"href":"https:\/\/rock-crusher-tractor.com\/pt\/wp-json\/wp\/v2\/pages\/298","targetHints":{"allow":["GET"]}}],"collection":[{"href":"https:\/\/rock-crusher-tractor.com\/pt\/wp-json\/wp\/v2\/pages"}],"about":[{"href":"https:\/\/rock-crusher-tractor.com\/pt\/wp-json\/wp\/v2\/types\/page"}],"author":[{"embeddable":true,"href":"https:\/\/rock-crusher-tractor.com\/pt\/wp-json\/wp\/v2\/users\/1"}],"replies":[{"embeddable":true,"href":"https:\/\/rock-crusher-tractor.com\/pt\/wp-json\/wp\/v2\/comments?post=298"}],"version-history":[{"count":10,"href":"https:\/\/rock-crusher-tractor.com\/pt\/wp-json\/wp\/v2\/pages\/298\/revisions"}],"predecessor-version":[{"id":332,"href":"https:\/\/rock-crusher-tractor.com\/pt\/wp-json\/wp\/v2\/pages\/298\/revisions\/332"}],"wp:attachment":[{"href":"https:\/\/rock-crusher-tractor.com\/pt\/wp-json\/wp\/v2\/media?parent=298"}],"curies":[{"name":"wp","href":"https:\/\/api.w.org\/{rel}","templated":true}]}}